{"id":15,"date":"2026-01-23T13:41:43","date_gmt":"2026-01-23T13:41:43","guid":{"rendered":"https:\/\/barmeson.rkinformatika.online\/?page_id=15"},"modified":"2026-01-23T15:30:43","modified_gmt":"2026-01-23T15:30:43","slug":"servicios","status":"publish","type":"page","link":"https:\/\/barmeson.com\/eu\/servicios\/","title":{"rendered":"Zerbitzuak"},"content":{"rendered":"<div data-elementor-type=\"wp-page\" data-elementor-id=\"15\" class=\"elementor elementor-15\" data-elementor-post-type=\"page\">\n\t\t\t\t<div class=\"elementor-element elementor-element-8b4097d e-flex e-con-boxed e-con e-parent\" data-id=\"8b4097d\" data-element_type=\"container\" data-e-type=\"container\" data-settings=\"{&quot;background_background&quot;:&quot;classic&quot;}\">\n\t\t\t\t\t<div class=\"e-con-inner\">\n\t\t\t\t\t<\/div>\n\t\t\t\t<\/div>\n\t\t<div class=\"elementor-element elementor-element-6d11984 e-flex e-con-boxed e-con e-parent\" data-id=\"6d11984\" data-element_type=\"container\" data-e-type=\"container\">\n\t\t\t\t\t<div class=\"e-con-inner\">\n\t\t<div class=\"elementor-element elementor-element-a1b45fe e-con-full e-flex e-con e-child\" data-id=\"a1b45fe\" data-element_type=\"container\" data-e-type=\"container\">\n\t\t\t\t<div class=\"elementor-element elementor-element-404d789 elementor-widget elementor-widget-image\" data-id=\"404d789\" data-element_type=\"widget\" data-e-type=\"widget\" data-widget_type=\"image.default\">\n\t\t\t\t\t\t\t\t\t\t\t\t\t\t\t<img fetchpriority=\"high\" decoding=\"async\" width=\"500\" height=\"500\" src=\"https:\/\/barmeson.com\/wp-content\/uploads\/2026\/01\/Diseno-sin-titulo-1.png\" class=\"elementor-animation-float attachment-large size-large wp-image-285\" alt=\"\" srcset=\"https:\/\/barmeson.com\/wp-content\/uploads\/2026\/01\/Diseno-sin-titulo-1.png 500w, https:\/\/barmeson.com\/wp-content\/uploads\/2026\/01\/Diseno-sin-titulo-1-300x300.png 300w, https:\/\/barmeson.com\/wp-content\/uploads\/2026\/01\/Diseno-sin-titulo-1-150x150.png 150w, https:\/\/barmeson.com\/wp-content\/uploads\/2026\/01\/Diseno-sin-titulo-1-12x12.png 12w\" sizes=\"(max-width: 500px) 100vw, 500px\" \/>\t\t\t\t\t\t\t\t\t\t\t\t\t\t\t<\/div>\n\t\t\t\t<div class=\"elementor-element elementor-element-ce5987d elementor-absolute elementor-hidden-mobile eael_vto-vertical-lr elementor-widget elementor-widget-heading\" data-id=\"ce5987d\" data-element_type=\"widget\" data-e-type=\"widget\" data-settings=\"{&quot;_position&quot;:&quot;absolute&quot;}\" data-widget_type=\"heading.default\">\n\t\t\t\t\t<h2 class=\"elementor-heading-title elementor-size-default\">Caf\u00e9s<\/h2>\t\t\t\t<\/div>\n\t\t\t\t<div class=\"elementor-element elementor-element-715c5e0 elementor-hidden-desktop elementor-hidden-tablet elementor-widget elementor-widget-heading\" data-id=\"715c5e0\" data-element_type=\"widget\" data-e-type=\"widget\" data-widget_type=\"heading.default\">\n\t\t\t\t\t<h2 class=\"elementor-heading-title elementor-size-default\">Caf\u00e9s<\/h2>\t\t\t\t<\/div>\n\t\t\t\t<\/div>\n\t\t<div class=\"elementor-element elementor-element-7f5e716 e-con-full e-flex e-con e-child\" data-id=\"7f5e716\" data-element_type=\"container\" data-e-type=\"container\">\n\t\t\t\t<div class=\"elementor-element elementor-element-78d0467 elementor-widget elementor-widget-image\" data-id=\"78d0467\" data-element_type=\"widget\" data-e-type=\"widget\" data-widget_type=\"image.default\">\n\t\t\t\t\t\t\t\t\t\t\t\t\t\t\t<img decoding=\"async\" width=\"500\" height=\"500\" src=\"https:\/\/barmeson.com\/wp-content\/uploads\/2026\/01\/3.png\" class=\"elementor-animation-float attachment-2048x2048 size-2048x2048 wp-image-286\" alt=\"\" srcset=\"https:\/\/barmeson.com\/wp-content\/uploads\/2026\/01\/3.png 500w, https:\/\/barmeson.com\/wp-content\/uploads\/2026\/01\/3-300x300.png 300w, https:\/\/barmeson.com\/wp-content\/uploads\/2026\/01\/3-150x150.png 150w, https:\/\/barmeson.com\/wp-content\/uploads\/2026\/01\/3-12x12.png 12w\" sizes=\"(max-width: 500px) 100vw, 500px\" \/>\t\t\t\t\t\t\t\t\t\t\t\t\t\t\t<\/div>\n\t\t\t\t<div class=\"elementor-element elementor-element-f7798fe elementor-absolute elementor-hidden-mobile eael_vto-vertical-lr elementor-widget elementor-widget-heading\" data-id=\"f7798fe\" data-element_type=\"widget\" data-e-type=\"widget\" data-settings=\"{&quot;_position&quot;:&quot;absolute&quot;}\" data-widget_type=\"heading.default\">\n\t\t\t\t\t<h2 class=\"elementor-heading-title elementor-size-default\">pintxos<\/h2>\t\t\t\t<\/div>\n\t\t\t\t<div class=\"elementor-element elementor-element-33ff197 elementor-hidden-desktop elementor-hidden-tablet elementor-widget elementor-widget-heading\" data-id=\"33ff197\" data-element_type=\"widget\" data-e-type=\"widget\" data-widget_type=\"heading.default\">\n\t\t\t\t\t<h2 class=\"elementor-heading-title elementor-size-default\">pintxos<\/h2>\t\t\t\t<\/div>\n\t\t\t\t<\/div>\n\t\t\t\t\t<\/div>\n\t\t\t\t<\/div>\n\t\t<div class=\"elementor-element elementor-element-bdbbcc9 e-flex e-con-boxed e-con e-parent\" data-id=\"bdbbcc9\" data-element_type=\"container\" data-e-type=\"container\">\n\t\t\t\t\t<div class=\"e-con-inner\">\n\t\t<div class=\"elementor-element elementor-element-e8235b1 e-con-full e-flex e-con e-child\" data-id=\"e8235b1\" data-element_type=\"container\" data-e-type=\"container\">\n\t\t\t\t<div class=\"elementor-element elementor-element-b568a31 elementor-widget elementor-widget-heading\" data-id=\"b568a31\" data-element_type=\"widget\" data-e-type=\"widget\" data-widget_type=\"heading.default\">\n\t\t\t\t\t<h2 class=\"elementor-heading-title elementor-size-default\">Desayuno, picoteo o un antojo r\u00e1pido: <\/h2>\t\t\t\t<\/div>\n\t\t\t\t<div class=\"elementor-element elementor-element-8a1ec5d elementor-widget elementor-widget-heading\" data-id=\"8a1ec5d\" data-element_type=\"widget\" data-e-type=\"widget\" data-widget_type=\"heading.default\">\n\t\t\t\t\t<h2 class=\"elementor-heading-title elementor-size-default\">Cont\u00e1ctanos y lo preparamos.<\/h2>\t\t\t\t<\/div>\n\t\t\t\t<\/div>\n\t\t<div class=\"elementor-element elementor-element-eed42d7 e-con-full e-flex e-con e-child\" data-id=\"eed42d7\" data-element_type=\"container\" data-e-type=\"container\">\n\t\t\t\t<div class=\"elementor-element elementor-element-ee75549 elementor-widget elementor-widget-button\" data-id=\"ee75549\" data-element_type=\"widget\" data-e-type=\"widget\" data-widget_type=\"button.default\">\n\t\t\t\t\t\t\t\t\t\t<a class=\"elementor-button elementor-button-link elementor-size-sm elementor-animation-wobble-horizontal\" href=\"\/eu\/contacto\/\">\n\t\t\t\t\t\t<span class=\"elementor-button-content-wrapper\">\n\t\t\t\t\t\t\t\t\t<span class=\"elementor-button-text\">Escr\u00edbenos<\/span>\n\t\t\t\t\t<\/span>\n\t\t\t\t\t<\/a>\n\t\t\t\t\t\t\t\t<\/div>\n\t\t\t\t<\/div>\n\t\t\t\t\t<\/div>\n\t\t\t\t<\/div>\n\t\t\t\t<\/div>","protected":false},"excerpt":{"rendered":"<p>Caf\u00e9s Caf\u00e9s pintxos pintxos Desayuno, picoteo o un antojo r\u00e1pido: Cont\u00e1ctanos y lo preparamos. Escr\u00edbenos<\/p>","protected":false},"author":1,"featured_media":0,"parent":0,"menu_order":0,"comment_status":"closed","ping_status":"closed","template":"elementor_canvas","meta":{"footnotes":""},"class_list":["post-15","page","type-page","status-publish","hentry"],"yoast_head":"<!-- This site is optimized with the Yoast SEO plugin v27.3 - https:\/\/yoast.com\/product\/yoast-seo-wordpress\/ -->\n<title>Servicios - Bar Meson<\/title>\n<meta name=\"robots\" content=\"index, follow, max-snippet:-1, max-image-preview:large, max-video-preview:-1\" \/>\n<link rel=\"canonical\" href=\"https:\/\/barmeson.com\/eu\/servicios\/\" \/>\n<meta property=\"og:locale\" content=\"en_US\" \/>\n<meta property=\"og:type\" content=\"article\" \/>\n<meta property=\"og:title\" content=\"Servicios - Bar Meson\" \/>\n<meta property=\"og:description\" content=\"Caf\u00e9s Caf\u00e9s pintxos pintxos Desayuno, picoteo o un antojo r\u00e1pido: Cont\u00e1ctanos y lo preparamos. Escr\u00edbenos\" \/>\n<meta property=\"og:url\" content=\"https:\/\/barmeson.com\/eu\/servicios\/\" \/>\n<meta property=\"og:site_name\" content=\"Bar Meson\" \/>\n<meta property=\"article:modified_time\" content=\"2026-01-23T15:30:43+00:00\" \/>\n<meta property=\"og:image\" content=\"https:\/\/barmeson.com\/wp-content\/uploads\/2026\/01\/Diseno-sin-titulo-1.png\" \/>\n<meta name=\"twitter:card\" content=\"summary_large_image\" \/>\n<meta name=\"twitter:label1\" content=\"Est. reading time\" \/>\n\t<meta name=\"twitter:data1\" content=\"1 minutua\" \/>\n<script type=\"application\/ld+json\" class=\"yoast-schema-graph\">{\"@context\":\"https:\\\/\\\/schema.org\",\"@graph\":[{\"@type\":\"WebPage\",\"@id\":\"https:\\\/\\\/barmeson.com\\\/servicios\\\/\",\"url\":\"https:\\\/\\\/barmeson.com\\\/servicios\\\/\",\"name\":\"Servicios - Bar Meson\",\"isPartOf\":{\"@id\":\"https:\\\/\\\/barmeson.com\\\/#website\"},\"primaryImageOfPage\":{\"@id\":\"https:\\\/\\\/barmeson.com\\\/servicios\\\/#primaryimage\"},\"image\":{\"@id\":\"https:\\\/\\\/barmeson.com\\\/servicios\\\/#primaryimage\"},\"thumbnailUrl\":\"https:\\\/\\\/barmeson.com\\\/wp-content\\\/uploads\\\/2026\\\/01\\\/Diseno-sin-titulo-1.png\",\"datePublished\":\"2026-01-23T13:41:43+00:00\",\"dateModified\":\"2026-01-23T15:30:43+00:00\",\"breadcrumb\":{\"@id\":\"https:\\\/\\\/barmeson.com\\\/servicios\\\/#breadcrumb\"},\"inLanguage\":\"eu\",\"potentialAction\":[{\"@type\":\"ReadAction\",\"target\":[\"https:\\\/\\\/barmeson.com\\\/servicios\\\/\"]}]},{\"@type\":\"ImageObject\",\"inLanguage\":\"eu\",\"@id\":\"https:\\\/\\\/barmeson.com\\\/servicios\\\/#primaryimage\",\"url\":\"https:\\\/\\\/barmeson.com\\\/wp-content\\\/uploads\\\/2026\\\/01\\\/Diseno-sin-titulo-1.png\",\"contentUrl\":\"https:\\\/\\\/barmeson.com\\\/wp-content\\\/uploads\\\/2026\\\/01\\\/Diseno-sin-titulo-1.png\"},{\"@type\":\"BreadcrumbList\",\"@id\":\"https:\\\/\\\/barmeson.com\\\/servicios\\\/#breadcrumb\",\"itemListElement\":[{\"@type\":\"ListItem\",\"position\":1,\"name\":\"Portada\",\"item\":\"https:\\\/\\\/barmeson.com\\\/\"},{\"@type\":\"ListItem\",\"position\":2,\"name\":\"Servicios\"}]},{\"@type\":\"WebSite\",\"@id\":\"https:\\\/\\\/barmeson.com\\\/#website\",\"url\":\"https:\\\/\\\/barmeson.com\\\/\",\"name\":\"Bar Meson\",\"description\":\"\",\"publisher\":{\"@id\":\"https:\\\/\\\/barmeson.com\\\/#organization\"},\"potentialAction\":[{\"@type\":\"SearchAction\",\"target\":{\"@type\":\"EntryPoint\",\"urlTemplate\":\"https:\\\/\\\/barmeson.com\\\/?s={search_term_string}\"},\"query-input\":{\"@type\":\"PropertyValueSpecification\",\"valueRequired\":true,\"valueName\":\"search_term_string\"}}],\"inLanguage\":\"eu\"},{\"@type\":\"Organization\",\"@id\":\"https:\\\/\\\/barmeson.com\\\/#organization\",\"name\":\"Bar Meson\",\"url\":\"https:\\\/\\\/barmeson.com\\\/\",\"logo\":{\"@type\":\"ImageObject\",\"inLanguage\":\"eu\",\"@id\":\"https:\\\/\\\/barmeson.com\\\/#\\\/schema\\\/logo\\\/image\\\/\",\"url\":\"https:\\\/\\\/barmeson.com\\\/wp-content\\\/uploads\\\/2026\\\/01\\\/cropped-Diseno-sin-titulo.png\",\"contentUrl\":\"https:\\\/\\\/barmeson.com\\\/wp-content\\\/uploads\\\/2026\\\/01\\\/cropped-Diseno-sin-titulo.png\",\"width\":500,\"height\":500,\"caption\":\"Bar Meson\"},\"image\":{\"@id\":\"https:\\\/\\\/barmeson.com\\\/#\\\/schema\\\/logo\\\/image\\\/\"}}]}<\/script>\n<!-- \/ Yoast SEO plugin. -->","yoast_head_json":{"title":"Servicios - Bar Meson","robots":{"index":"index","follow":"follow","max-snippet":"max-snippet:-1","max-image-preview":"max-image-preview:large","max-video-preview":"max-video-preview:-1"},"canonical":"https:\/\/barmeson.com\/eu\/servicios\/","og_locale":"en_US","og_type":"article","og_title":"Servicios - Bar Meson","og_description":"Caf\u00e9s Caf\u00e9s pintxos pintxos Desayuno, picoteo o un antojo r\u00e1pido: Cont\u00e1ctanos y lo preparamos. Escr\u00edbenos","og_url":"https:\/\/barmeson.com\/eu\/servicios\/","og_site_name":"Bar Meson","article_modified_time":"2026-01-23T15:30:43+00:00","og_image":[{"url":"https:\/\/barmeson.com\/wp-content\/uploads\/2026\/01\/Diseno-sin-titulo-1.png","type":"","width":"","height":""}],"twitter_card":"summary_large_image","twitter_misc":{"Est. reading time":"1 minutua"},"schema":{"@context":"https:\/\/schema.org","@graph":[{"@type":"WebPage","@id":"https:\/\/barmeson.com\/servicios\/","url":"https:\/\/barmeson.com\/servicios\/","name":"Servicios - Bar Meson","isPartOf":{"@id":"https:\/\/barmeson.com\/#website"},"primaryImageOfPage":{"@id":"https:\/\/barmeson.com\/servicios\/#primaryimage"},"image":{"@id":"https:\/\/barmeson.com\/servicios\/#primaryimage"},"thumbnailUrl":"https:\/\/barmeson.com\/wp-content\/uploads\/2026\/01\/Diseno-sin-titulo-1.png","datePublished":"2026-01-23T13:41:43+00:00","dateModified":"2026-01-23T15:30:43+00:00","breadcrumb":{"@id":"https:\/\/barmeson.com\/servicios\/#breadcrumb"},"inLanguage":"eu","potentialAction":[{"@type":"ReadAction","target":["https:\/\/barmeson.com\/servicios\/"]}]},{"@type":"ImageObject","inLanguage":"eu","@id":"https:\/\/barmeson.com\/servicios\/#primaryimage","url":"https:\/\/barmeson.com\/wp-content\/uploads\/2026\/01\/Diseno-sin-titulo-1.png","contentUrl":"https:\/\/barmeson.com\/wp-content\/uploads\/2026\/01\/Diseno-sin-titulo-1.png"},{"@type":"BreadcrumbList","@id":"https:\/\/barmeson.com\/servicios\/#breadcrumb","itemListElement":[{"@type":"ListItem","position":1,"name":"Portada","item":"https:\/\/barmeson.com\/"},{"@type":"ListItem","position":2,"name":"Servicios"}]},{"@type":"WebSite","@id":"https:\/\/barmeson.com\/#website","url":"https:\/\/barmeson.com\/","name":"Bar Meson","description":"","publisher":{"@id":"https:\/\/barmeson.com\/#organization"},"potentialAction":[{"@type":"SearchAction","target":{"@type":"EntryPoint","urlTemplate":"https:\/\/barmeson.com\/?s={search_term_string}"},"query-input":{"@type":"PropertyValueSpecification","valueRequired":true,"valueName":"search_term_string"}}],"inLanguage":"eu"},{"@type":"Organization","@id":"https:\/\/barmeson.com\/#organization","name":"Bar Meson","url":"https:\/\/barmeson.com\/","logo":{"@type":"ImageObject","inLanguage":"eu","@id":"https:\/\/barmeson.com\/#\/schema\/logo\/image\/","url":"https:\/\/barmeson.com\/wp-content\/uploads\/2026\/01\/cropped-Diseno-sin-titulo.png","contentUrl":"https:\/\/barmeson.com\/wp-content\/uploads\/2026\/01\/cropped-Diseno-sin-titulo.png","width":500,"height":500,"caption":"Bar Meson"},"image":{"@id":"https:\/\/barmeson.com\/#\/schema\/logo\/image\/"}}]}},"_links":{"self":[{"href":"https:\/\/barmeson.com\/eu\/wp-json\/wp\/v2\/pages\/15","targetHints":{"allow":["GET"]}}],"collection":[{"href":"https:\/\/barmeson.com\/eu\/wp-json\/wp\/v2\/pages"}],"about":[{"href":"https:\/\/barmeson.com\/eu\/wp-json\/wp\/v2\/types\/page"}],"author":[{"embeddable":true,"href":"https:\/\/barmeson.com\/eu\/wp-json\/wp\/v2\/users\/1"}],"replies":[{"embeddable":true,"href":"https:\/\/barmeson.com\/eu\/wp-json\/wp\/v2\/comments?post=15"}],"version-history":[{"count":151,"href":"https:\/\/barmeson.com\/eu\/wp-json\/wp\/v2\/pages\/15\/revisions"}],"predecessor-version":[{"id":308,"href":"https:\/\/barmeson.com\/eu\/wp-json\/wp\/v2\/pages\/15\/revisions\/308"}],"wp:attachment":[{"href":"https:\/\/barmeson.com\/eu\/wp-json\/wp\/v2\/media?parent=15"}],"curies":[{"name":"wp","href":"https:\/\/api.w.org\/{rel}","templated":true}]}}